{"id":6,"date":"2025-12-22T10:50:57","date_gmt":"2025-12-22T09:50:57","guid":{"rendered":"https:\/\/qz.pl\/?page_id=6"},"modified":"2025-12-23T11:01:03","modified_gmt":"2025-12-23T10:01:03","slug":"na-sprzedaz-teren-inwestycyjny-milejowice","status":"publish","type":"page","link":"https:\/\/qz.pl\/","title":{"rendered":""},"content":{"rendered":"\n<figure class=\"wp-block-image size-full\"><img loading=\"lazy\" decoding=\"async\" width=\"600\" height=\"400\" src=\"https:\/\/qz.pl\/wp-content\/uploads\/2025\/12\/domena-qzpl-1.png\" alt=\"\" class=\"wp-image-13\" srcset=\"https:\/\/qz.pl\/wp-content\/uploads\/2025\/12\/domena-qzpl-1.png 600w, https:\/\/qz.pl\/wp-content\/uploads\/2025\/12\/domena-qzpl-1-300x200.png 300w\" sizes=\"auto, (max-width: 600px) 100vw, 600px\" \/><\/figure>\n\n\n\n<h2 class=\"wp-block-heading\">Na sprzeda\u017c teren inwestycyjny Milejowice<\/h2>\n\n\n\n<p>w Milejowicach, 6 km na zach\u00f3d od Radomia.<\/p>\n\n\n\n<div class=\"wp-block-columns is-layout-flex wp-container-core-columns-is-layout-9d6595d7 wp-block-columns-is-layout-flex\">\n<div class=\"wp-block-column is-layout-flow wp-block-column-is-layout-flow\">\n<figure class=\"wp-block-image size-full\"><img loading=\"lazy\" decoding=\"async\" width=\"800\" height=\"680\" src=\"https:\/\/qz.pl\/wp-content\/uploads\/2025\/12\/Mapa-okolice-800x680-1.png\" alt=\"\" class=\"wp-image-18\" srcset=\"https:\/\/qz.pl\/wp-content\/uploads\/2025\/12\/Mapa-okolice-800x680-1.png 800w, https:\/\/qz.pl\/wp-content\/uploads\/2025\/12\/Mapa-okolice-800x680-1-300x255.png 300w, https:\/\/qz.pl\/wp-content\/uploads\/2025\/12\/Mapa-okolice-800x680-1-768x653.png 768w\" sizes=\"auto, (max-width: 800px) 100vw, 800px\" \/><\/figure>\n<\/div>\n\n\n\n<div class=\"wp-block-column is-layout-flow wp-block-column-is-layout-flow\">\n<figure class=\"wp-block-image size-full\"><img loading=\"lazy\" decoding=\"async\" width=\"600\" height=\"478\" src=\"https:\/\/qz.pl\/wp-content\/uploads\/2025\/12\/Mapa-karto-600x478-1.png\" alt=\"\" class=\"wp-image-19\" srcset=\"https:\/\/qz.pl\/wp-content\/uploads\/2025\/12\/Mapa-karto-600x478-1.png 600w, https:\/\/qz.pl\/wp-content\/uploads\/2025\/12\/Mapa-karto-600x478-1-300x239.png 300w\" sizes=\"auto, (max-width: 600px) 100vw, 600px\" \/><\/figure>\n<\/div>\n<\/div>\n\n\n\n<h2 class=\"wp-block-heading\">Teren o powierzchni <strong>38853 m<sup>2<\/sup><\/strong><\/h2>\n\n\n\n<p>znajduje si\u0119 w Milejowicach mi\u0119dzy ulicami Kasztanow\u0105 i D\u0119bow\u0105, w odleg\u0142o\u015bci 300 m od drogi 740.<\/p>\n\n\n\n<h2 class=\"wp-block-heading\">Cena <strong>135 PLN\/m<sup>2<\/sup><\/strong><\/h2>\n\n\n\n<p><strong>Kontakt:<\/strong><\/p>\n\n\n\n<p>\ud83d\udcf1<a href=\"https:\/\/web.archive.org\/web\/20250913114048\/tel: +515044199\">515044199<\/a><\/p>\n\n\n\n<p>Pon.-Pt. \u2013 7:00- 15:00<\/p>\n\n\n\n<p>\ud83d\udce7&nbsp;<a href=\"https:\/\/web.archive.org\/web\/20250913114048\/mailto:bingospa@bingospa.pl\">bingospa@bingospa.pl<\/a><\/p>\n\n\n\n<figure class=\"wp-block-gallery has-nested-images columns-default is-cropped wp-block-gallery-1 is-layout-flex wp-block-gallery-is-layout-flex\">\n<figure class=\"wp-block-image size-large\"><img loading=\"lazy\" decoding=\"async\" width=\"800\" height=\"626\" data-id=\"27\" src=\"https:\/\/qz.pl\/wp-content\/uploads\/2025\/12\/Bez-nazwy-1-800x626-1.png\" alt=\"\" class=\"wp-image-27\" srcset=\"https:\/\/qz.pl\/wp-content\/uploads\/2025\/12\/Bez-nazwy-1-800x626-1.png 800w, https:\/\/qz.pl\/wp-content\/uploads\/2025\/12\/Bez-nazwy-1-800x626-1-300x235.png 300w, https:\/\/qz.pl\/wp-content\/uploads\/2025\/12\/Bez-nazwy-1-800x626-1-768x601.png 768w\" sizes=\"auto, (max-width: 800px) 100vw, 800px\" \/><\/figure>\n\n\n\n<figure class=\"wp-block-image size-large\"><img loading=\"lazy\" decoding=\"async\" width=\"800\" height=\"626\" data-id=\"28\" src=\"https:\/\/qz.pl\/wp-content\/uploads\/2025\/12\/widokkart-800x626-1.png\" alt=\"\" class=\"wp-image-28\" srcset=\"https:\/\/qz.pl\/wp-content\/uploads\/2025\/12\/widokkart-800x626-1.png 800w, https:\/\/qz.pl\/wp-content\/uploads\/2025\/12\/widokkart-800x626-1-300x235.png 300w, https:\/\/qz.pl\/wp-content\/uploads\/2025\/12\/widokkart-800x626-1-768x601.png 768w\" sizes=\"auto, (max-width: 800px) 100vw, 800px\" \/><\/figure>\n<\/figure>\n\n\n\n<hr class=\"wp-block-separator has-alpha-channel-opacity\"\/>\n\n\n\n<p><strong>Link do mapy w Geoportal.gov.pl<\/strong><\/p>\n\n\n\n<p><a href=\"https:\/\/mapy.geoportal.gov.pl\/imap\/Imgp_2.html?locale=pl&amp;gui=new&amp;sessionID=5953940\">https:\/\/mapy.geoportal.gov.pl\/imap\/Imgp_2.html?locale=pl&amp;gui=new&amp;sessionID=5953940<\/a><\/p>\n\n\n\n<p>#teren inwestycyjny #Radom\u00a0#nieruchomo\u015b\u0107 #oferta #Milejowice #sprzeda\u017c #okazja #dzia\u0142ka #okazyjnie #okolica #atrakcyjna #dochodowy#centrum Radomia #dzia\u0142ka budowlana #budowa #okolice Radomia #dzia\u0142ka blisko Radomia #teren #inwestycja #deweloper #osiedle #domy #mieszkania #zarabiasz<\/p>\n\n\n\n<p><\/p>\n","protected":false},"excerpt":{"rendered":"<p>Na sprzeda\u017c teren inwestycyjny Milejowice w Milejowicach, 6 km na zach\u00f3d od Radomia. Teren o powierzchni 38853 m2 znajduje si\u0119 w Milejowicach mi\u0119dzy ulicami Kasztanow\u0105 i D\u0119bow\u0105, w odleg\u0142o\u015bci 300 &#8230;<\/p>\n","protected":false},"author":1,"featured_media":0,"parent":0,"menu_order":0,"comment_status":"closed","ping_status":"closed","template":"","meta":{"footnotes":""},"class_list":["post-6","page","type-page","status-publish","hentry"],"_links":{"self":[{"href":"https:\/\/qz.pl\/index.php?rest_route=\/wp\/v2\/pages\/6","targetHints":{"allow":["GET"]}}],"collection":[{"href":"https:\/\/qz.pl\/index.php?rest_route=\/wp\/v2\/pages"}],"about":[{"href":"https:\/\/qz.pl\/index.php?rest_route=\/wp\/v2\/types\/page"}],"author":[{"embeddable":true,"href":"https:\/\/qz.pl\/index.php?rest_route=\/wp\/v2\/users\/1"}],"replies":[{"embeddable":true,"href":"https:\/\/qz.pl\/index.php?rest_route=%2Fwp%2Fv2%2Fcomments&post=6"}],"version-history":[{"count":11,"href":"https:\/\/qz.pl\/index.php?rest_route=\/wp\/v2\/pages\/6\/revisions"}],"predecessor-version":[{"id":35,"href":"https:\/\/qz.pl\/index.php?rest_route=\/wp\/v2\/pages\/6\/revisions\/35"}],"wp:attachment":[{"href":"https:\/\/qz.pl\/index.php?rest_route=%2Fwp%2Fv2%2Fmedia&parent=6"}],"curies":[{"name":"wp","href":"https:\/\/api.w.org\/{rel}","templated":true}]}}